{"id":346,"date":"2020-03-31T13:02:18","date_gmt":"2020-03-31T16:02:18","guid":{"rendered":"http:\/\/vanlui.com.br\/?page_id=346"},"modified":"2020-04-04T15:12:38","modified_gmt":"2020-04-04T18:12:38","slug":"quem-somos","status":"publish","type":"page","link":"https:\/\/vanlui.com.br\/?page_id=346","title":{"rendered":"Quem Somos"},"content":{"rendered":"<p><span style=\"color: #ffffff;\">Gatil Vanlui \u00e9 um pequeno gatil localizado na cidade de S\u00e3o Paulo, especializado na cria\u00e7\u00e3o e cuidados de gatos persas bicolores de alto padr\u00e3o. Somos associados as federa\u00e7\u00f5es de felinocultura mundiais como: FIF\u00e9, CFA e TICA.<\/span><\/p>\n<p><span style=\"color: #ffffff;\">Buscamos sempre animais de alto padr\u00e3o de qualidade, com linhas de sangue dos mais expressivos criadores nacionais e internacionais. Com isto, tra\u00e7amos o objetivo de obter animais com \u00f3timo fen\u00f3tipo e gen\u00f3tipo, juntamente com excelente temperamento, express\u00e3o doce e encantadora t\u00e3o almejada dos Persas, dentro dos padr\u00f5es exigidos para a ra\u00e7a.<\/span><\/p>\n<p><img fetchpriority=\"high\" decoding=\"async\" class=\"aligncenter wp-image-305 size-full\" src=\"https:\/\/vanlui.com.br\/wp-content\/uploads\/2019\/07\/AleAns.jpg\" alt=\"\" width=\"640\" height=\"640\" srcset=\"https:\/\/vanlui.com.br\/wp-content\/uploads\/2019\/07\/AleAns.jpg 640w, https:\/\/vanlui.com.br\/wp-content\/uploads\/2019\/07\/AleAns-150x150.jpg 150w, https:\/\/vanlui.com.br\/wp-content\/uploads\/2019\/07\/AleAns-300x300.jpg 300w\" sizes=\"(max-width: 640px) 100vw, 640px\" \/><\/p>\n<p><span style=\"color: #ffffff;\">Nossos gatos s\u00e3o parte de nossa vida, vivem soltos e s\u00e3o tratados com o que h\u00e1 de melhor no mercado para eles, possuem uma alimenta\u00e7\u00e3o natural complementada por ra\u00e7\u00e3o super premium e deliciosos snacks cheios de vitaminas. Possuem tamb\u00e9m os mais variados itens para os cuidados e grooming, acompanhamento veterin\u00e1rio e negativos para o teste de PKD, Fiv e Felv.<\/span><\/p>\n<p><span style=\"color: #ffffff;\">Estamos constantemente presentes em exposi\u00e7\u00f5es de gatos de ra\u00e7a para que possamos sempre que poss\u00edvel aprimorar os cuidados e adequa-los ao nosso plano de cria\u00e7\u00e3o, compreendendo e tirando o que for de melhor das recomenda\u00e7\u00f5es de ju\u00edzes, profissionais da \u00e1rea e criadores presentes na felinofilia.<\/span><\/p>\n","protected":false},"excerpt":{"rendered":"<p>Gatil Vanlui \u00e9 um pequeno gatil localizado na cidade de S\u00e3o Paulo, especializado na cria\u00e7\u00e3o e cuidados de gatos persas bicolores de alto padr\u00e3o. Somos&hellip;<\/p>\n","protected":false},"author":3,"featured_media":0,"parent":0,"menu_order":0,"comment_status":"closed","ping_status":"closed","template":"","meta":{"footnotes":""},"class_list":["post-346","page","type-page","status-publish","hentry"],"_links":{"self":[{"href":"https:\/\/vanlui.com.br\/index.php?rest_route=\/wp\/v2\/pages\/346","targetHints":{"allow":["GET"]}}],"collection":[{"href":"https:\/\/vanlui.com.br\/index.php?rest_route=\/wp\/v2\/pages"}],"about":[{"href":"https:\/\/vanlui.com.br\/index.php?rest_route=\/wp\/v2\/types\/page"}],"author":[{"embeddable":true,"href":"https:\/\/vanlui.com.br\/index.php?rest_route=\/wp\/v2\/users\/3"}],"replies":[{"embeddable":true,"href":"https:\/\/vanlui.com.br\/index.php?rest_route=%2Fwp%2Fv2%2Fcomments&post=346"}],"version-history":[{"count":3,"href":"https:\/\/vanlui.com.br\/index.php?rest_route=\/wp\/v2\/pages\/346\/revisions"}],"predecessor-version":[{"id":446,"href":"https:\/\/vanlui.com.br\/index.php?rest_route=\/wp\/v2\/pages\/346\/revisions\/446"}],"wp:attachment":[{"href":"https:\/\/vanlui.com.br\/index.php?rest_route=%2Fwp%2Fv2%2Fmedia&parent=346"}],"curies":[{"name":"wp","href":"https:\/\/api.w.org\/{rel}","templated":true}]}}